{"id":91,"date":"2024-11-08T22:04:09","date_gmt":"2024-11-08T21:04:09","guid":{"rendered":"http:\/\/www.mindefensa.gob.ve\/?page_id=91"},"modified":"2024-11-08T22:05:41","modified_gmt":"2024-11-08T21:05:41","slug":"defensa-publica-militar","status":"publish","type":"page","link":"https:\/\/www.mindefensa.gob.ve\/?page_id=91","title":{"rendered":"DEFENSA P\u00daBLICA MILITAR"},"content":{"rendered":"\t\t<div data-elementor-type=\"wp-page\" data-elementor-id=\"91\" class=\"elementor elementor-91\" data-elementor-post-type=\"page\">\n\t\t\t\t<div class=\"elementor-element elementor-element-7507ac4 e-flex e-con-boxed wpr-particle-no wpr-jarallax-no wpr-parallax-no wpr-sticky-section-no e-con e-parent\" data-id=\"7507ac4\" data-element_type=\"container\">\n\t\t\t\t\t<div class=\"e-con-inner\">\n\t\t\t\t<div class=\"elementor-element elementor-element-bdbc0f6 elementor-widget elementor-widget-text-editor\" data-id=\"bdbc0f6\" data-element_type=\"widget\" data-widget_type=\"text-editor.default\">\n\t\t\t\t<div class=\"elementor-widget-container\">\n\t\t\t<style>\/*! elementor - v3.21.0 - 08-05-2024 *\/\n.elementor-widget-text-editor.elementor-drop-cap-view-stacked .elementor-drop-cap{background-color:#69727d;color:#fff}.elementor-widget-text-editor.elementor-drop-cap-view-framed .elementor-drop-cap{color:#69727d;border:3px solid;background-color:transparent}.elementor-widget-text-editor:not(.elementor-drop-cap-view-default) .elementor-drop-cap{margin-top:8px}.elementor-widget-text-editor:not(.elementor-drop-cap-view-default) .elementor-drop-cap-letter{width:1em;height:1em}.elementor-widget-text-editor .elementor-drop-cap{float:left;text-align:center;line-height:1;font-size:50px}.elementor-widget-text-editor .elementor-drop-cap-letter{display:inline-block}<\/style>\t\t\t\t<p align=\"center\"><span style=\"color: #000000;\"><strong>Misi\u00f3n<\/strong><\/span><\/p>\n<p><span style=\"color: #000000;\">&nbsp; &nbsp; &nbsp;Garantizar la tutela judicial efectiva del derecho constitucional a la defensa en todo grado y estado de los Procesos Administrativos, Judiciales y Extrajudiciales en todas las Materias que le son atribuidas de conformidad con la Constituci\u00f3n de la Rep\u00fablica Bolivariana de Venezuela y la Ley. Asimismo, prestar\u00e1 un servicio de asistencia y orientaci\u00f3n en materia penal, administrativa y extrajudicial, a nivel nacional al personal militar y civil que conforman la Fuerza Armada Nacional, sin distinci\u00f3n de clase socio-econ\u00f3mica, velando por el cumplimiento de los derechos y garant\u00edas procesales establecidas en nuestro ordenamiento jur\u00eddico vigente, contribuyendo con una Administraci\u00f3n de Justicia imparcial, equitativa, expedita y gratuita.<\/span><\/p>\n<p><span style=\"color: #000000;\"><strong>Coordinaci\u00f3n Regional Primera Administrativa<\/strong><\/span><\/p>\n<p><span style=\"color: #000000;\"><strong>&nbsp;<\/strong><\/span><\/p>\n<p><span style=\"color: #000000;\"><strong>Coordinaci\u00f3n Regional Primera Capital &nbsp;&nbsp;&nbsp;&nbsp;&nbsp;&nbsp;&nbsp;&nbsp;&nbsp;<\/strong><\/span><\/p>\n<ul>\n<li><span style=\"color: #000000;\">Unidad Defensa 11, del Dtto. Capital, Caracas<\/span><\/li>\n<li><span style=\"color: #000000;\">Unidad Defensa 12, del Dtto. Capital, Caracas<\/span><\/li>\n<li><span style=\"color: #000000;\">Unidad Defensa 13, del Dtto. Capital, Caracas<\/span><\/li>\n<li><span style=\"color: #000000;\">Unidad Defensa 14,&nbsp;Valles del Tuy, Edo. Miranda<\/span><\/li>\n<li><span style=\"color: #000000;\">Unidad Defensa 15,&nbsp;Los Teques, Edo Miranda<\/span><\/li>\n<li><span style=\"color: #000000;\">Unidad Defensa 16,&nbsp;La Guaira,&nbsp;Edo.&nbsp; Vargas<\/span><\/li>\n<\/ul>\n<p><span style=\"color: #000000;\"><strong>&nbsp;<\/strong><\/span><\/p>\n<p><span style=\"color: #000000;\"><strong>Coordinaci\u00f3n Regional Segunda Central<\/strong><\/span><\/p>\n<ul>\n<li><span style=\"color: #000000;\">Unidad Defensa 21, Maracay, Edo Aragua<\/span><\/li>\n<li><span style=\"color: #000000;\">Unidad Defensa 22,&nbsp;Maracay, Edo Aragua<\/span><\/li>\n<li><span style=\"color: #000000;\">Unidad Defensa 23,&nbsp;La Victoria, Edo. Aragua<\/span><\/li>\n<li><span style=\"color: #000000;\">Unidad Defensa 24,&nbsp;Valencia, Edo. Carabobo<\/span><\/li>\n<li><span style=\"color: #000000;\">Unidad Defensa 25,&nbsp;Valencia, Edo. Carabobo<\/span><\/li>\n<li><span style=\"color: #000000;\">Unidad Defensa 26,&nbsp;Puerto Cabello, Edo. Carabobo<\/span><\/li>\n<li><span style=\"color: #000000;\">Unidad Defensa 27,&nbsp;San Felipe, Edo. Yaracuy<\/span><\/li>\n<\/ul>\n<p><span style=\"color: #000000;\"><strong>Coordinaci\u00f3n Regional Tercera Occidental<\/strong><\/span><\/p>\n<ul>\n<li><span style=\"color: #000000;\">Unidad Defensa 31, Maracaibo, Edo Zulia<\/span><\/li>\n<li><span style=\"color: #000000;\">Unidad Defensa 32,&nbsp;Maracaibo, Edo Zulia<\/span><\/li>\n<li><span style=\"color: #000000;\">Unidad Defensa 33, Santa B\u00e1rbara, Edo Zulia<\/span><\/li>\n<li><span style=\"color: #000000;\">Unidad Defensa 34, Punto Fijo, Edo. Falc\u00f3n<\/span><\/li>\n<li><span style=\"color: #000000;\">Unidad Defensa 35, Barquisimeto, Edo. Lara<\/span><\/li>\n<\/ul>\n<p><span style=\"color: #000000;\"><strong>Coordinaci\u00f3n Regional Cuarta de los Andes<\/strong><\/span><\/p>\n<ul>\n<li><span style=\"color: #000000;\">Unidad Defensa 41, San Crist\u00f3bal, Edo T\u00e1chira<\/span><\/li>\n<li><span style=\"color: #000000;\">Unidad Defensa 42, San Crist\u00f3bal,&nbsp;Edo T\u00e1chira<\/span><\/li>\n<li><span style=\"color: #000000;\">Unidad Defensa 43,&nbsp;M\u00e9rida, Edo. M\u00e9rida<\/span><\/li>\n<li><span style=\"color: #000000;\">Unidad Defensa 44, La Fr\u00eda, Edo. T\u00e1chira<\/span><\/li>\n<li><span style=\"color: #000000;\">Unidad Defensa 45,&nbsp;San Antonio del T\u00e1chira, Edo. T\u00e1chira<\/span><\/li>\n<li><span style=\"color: #000000;\">Unidad Defensa 46, Trujillo, Edo. Trujillo<\/span><\/li>\n<\/ul>\n<p><span style=\"color: #000000;\"><strong>Coordinaci\u00f3n Regional Quinta Oriental e Insular<\/strong><\/span><\/p>\n<ul>\n<li><span style=\"color: #000000;\">Unidad Defensa 51,&nbsp;Matur\u00edn, Edo Monagas<\/span><\/li>\n<li><span style=\"color: #000000;\">Unidad Defensa 52, Matur\u00edn, Edo. Monagas<\/span><\/li>\n<li><span style=\"color: #000000;\">Unidad Defensa 53, Car\u00fapano, Edo. Sucre<\/span><\/li>\n<li><span style=\"color: #000000;\">Unidad Defensa 54, Barcelona, Edo. Anzo\u00e1tegui<\/span><\/li>\n<li><span style=\"color: #000000;\">Unidad defensa 55, El Tigre, Edo. Anzo\u00e1tegui<\/span><\/li>\n<li><span style=\"color: #000000;\">Unidad defensa 56, Cumana, Edo. Sucre<\/span><\/li>\n<li><span style=\"color: #000000;\">Unidad Defensa 57,&nbsp; Guiria, Edo. Sucre<\/span><\/li>\n<li><span style=\"color: #000000;\">Unidad Defensa 58,&nbsp;Porlamar, Edo. Nueva Esparta<\/span><\/li>\n<\/ul>\n<p><span style=\"color: #000000;\"><strong>&nbsp;<\/strong><\/span><\/p>\n<p><span style=\"color: #000000;\"><strong>Coordinaci\u00f3n Regional Sexta los Llanos<\/strong><\/span><\/p>\n<ul>\n<li><span style=\"color: #000000;\">Unidad Defensa 61, San Juan de los Morros, Edo. Gu\u00e1rico<\/span><\/li>\n<li><span style=\"color: #000000;\">Unidad Defensa 62, San Juan de los Morros, Edo. Gu\u00e1rico<\/span><\/li>\n<li><span style=\"color: #000000;\">Unidad Defensa 63, San Fernando de apure, Edo. Apure<\/span><\/li>\n<li><span style=\"color: #000000;\">Unidad Defensa 64, Guanare, Edo. Portuguesa<\/span><\/li>\n<li><span style=\"color: #000000;\">Unidad Defensa 65, Guasdualito, Edo. Apure<\/span><\/li>\n<li><span style=\"color: #000000;\">Unidad Defensa 66, Barinas, Edo. Barinas<\/span><\/li>\n<li><span style=\"color: #000000;\">Unidad Defensa 67, San Carlos, Edo. Cojedes<\/span><\/li>\n<\/ul>\n<p><span style=\"color: #000000;\"><strong>Coordinaci\u00f3n Regional S\u00e9ptima de Guayana<\/strong><\/span><\/p>\n<ul>\n<li><span style=\"color: #000000;\">Unidad Defensa 71, Cuidad Bolivar, Edo Bol\u00edvar<\/span><\/li>\n<li><span style=\"color: #000000;\">Unidad Defensa 72,&nbsp;Cuidad Bolivar, Edo Bol\u00edvar<\/span><\/li>\n<li><span style=\"color: #000000;\">Unidad defensa 73, Puerto Ayacucho, Edo. Amazonas<\/span><\/li>\n<li><span style=\"color: #000000;\">Unidad Defensa 74, Tucupita, Edo. Delta Amacuro<\/span><\/li>\n<li><span style=\"color: #000000;\">Unidad Defensa 75, Guasipati, Edo. Bol\u00edvar<\/span><\/li>\n<li><span style=\"color: #000000;\">Unidad Defensa 76, Puerto Ordaz, Edo. Bol\u00edvar<\/span><\/li>\n<li><span style=\"color: #000000;\">Unidad Defensa 77, Caicara del Orinoco,Edo. Bol\u00edvar<strong><em>&nbsp;<\/em><\/strong><\/span><\/li>\n<\/ul>\n<p align=\"center\"><span style=\"color: #000000;\"><strong>Funciones<\/strong><\/span><\/p>\n<ul>\n<li><span style=\"color: #000000;\">Garantizar la tutela judicial del derecho constitucional a la defensa y el debido proceso a los militares y civiles procesados en la Jurisdicci\u00f3n Penal Militar como mandato constitucional.<\/span><\/li>\n<li><span style=\"color: #000000;\">Garantizar el estado de los procesos administrativos y extrajudiciales en las materias que le son atribuidas, seg\u00fan la Constituci\u00f3n de la Rep\u00fablica Bolivariana de Venezuela y la Ley.<\/span><\/li>\n<li><span style=\"color: #000000;\">Garantizar las actividades judiciales, administrativas y extrajudiciales, tomando en consideraci\u00f3n la autonom\u00eda, independencia, disciplina e idoneidad del servicio de defensa p\u00fablica militar.<\/span><\/li>\n<li><span style=\"color: #000000;\">Instar a la Fiscal\u00eda General Militar para la pr\u00e1ctica de diligencias investigativas, promoviendo las pruebas conducentes para desvirtuar las imputaciones que se le formulen a los defendidos.<\/span><\/li>\n<li><span style=\"color: #000000;\">Garantizar la interposici\u00f3n de los recursos previstos en las leyes adjetivas, para la defensa efectiva de los patrocinados, evitando estado de indefensi\u00f3n.<\/span><\/li>\n<li><span style=\"color: #000000;\">Representar con honestidad, probidad, m\u00edstica, constancia, \u00e9tica y diligencia los derechos de los representados.<\/span><\/li>\n<li><span style=\"color: #000000;\">Supervisar las visitas a los centros de procesados militares y penitenciarias, con el objeto de verificar las condiciones f\u00edsicas y ps\u00edquicas de los defendidos.<\/span><\/li>\n<li><span style=\"color: #000000;\">Prestar un servicio de orientaci\u00f3n y asesor\u00eda en materia judicial, al personal militar y civil que incurran en la comisi\u00f3n de delitos militares.<\/span><\/li>\n<li><span style=\"color: #000000;\">Garantizar la asistencia gratuita de los ciudadanos militares o civiles que incurran en faltas o delitos en la jurisdicci\u00f3n penal militar.<\/span><\/li>\n<li><span style=\"color: #000000;\">Supervisar y coordinar la actuaci\u00f3n de los Jefes, Coordinadores y Defensores P\u00fablicos Militares.<\/span><\/li>\n<li><span style=\"color: #000000;\">Establecer las pol\u00edticas y directrices a ser instrumentadas en cada una de las Coordinaciones Regionales y Defensor\u00edas P\u00fablicas Militares establecidas a nivel nacional.<\/span><\/li>\n<li><span style=\"color: #000000;\">&nbsp;Velar por el cabal cumplimiento de los objetivos y metas trazados por la Instituci\u00f3n Militar.<\/span><\/li>\n<li><span style=\"color: #000000;\">&nbsp;Prestar juramento ante el Director Ejecutivo o Directora Ejecutiva de la Defensor\u00eda P\u00fablica.<\/span><\/li>\n<li><span style=\"color: #000000;\">&nbsp;Informar al Director Ejecutivo o Directora Ejecutiva de la Defensa P\u00fablica en relaci\u00f3n al estado actual de cualquier causa requerida.<\/span><\/li>\n<\/ul>\t\t\t\t\t\t<\/div>\n\t\t\t\t<\/div>\n\t\t\t\t\t<\/div>\n\t\t\t\t<\/div>\n\t\t\t\t<\/div>\n\t\t","protected":false},"excerpt":{"rendered":"<p>Misi\u00f3n &nbsp; &nbsp; &nbsp;Garantizar la tutela judicial efectiva del derecho constitucional a la defensa en todo grado y estado de los Procesos Administrativos, Judiciales y Extrajudiciales en todas las Materias que le son atribuidas de conformidad con la Constituci\u00f3n de la Rep\u00fablica Bolivariana de Venezuela y la Ley. Asimismo, prestar\u00e1 un servicio de asistencia y orientaci\u00f3n en materia penal, administrativa y extrajudicial, a nivel nacional al personal militar y civil que conforman la Fuerza Armada Nacional, sin distinci\u00f3n de clase socio-econ\u00f3mica, velando por el cumplimiento de los derechos y garant\u00edas procesales establecidas en nuestro ordenamiento jur\u00eddico vigente, contribuyendo con una Administraci\u00f3n de Justicia imparcial, equitativa, expedita y gratuita. Coordinaci\u00f3n Regional Primera Administrativa &nbsp; Coordinaci\u00f3n Regional Primera Capital &nbsp;&nbsp;&nbsp;&nbsp;&nbsp;&nbsp;&nbsp;&nbsp;&nbsp; Unidad Defensa 11, del Dtto. Capital, Caracas Unidad Defensa 12, del Dtto. Capital, Caracas Unidad Defensa 13, del Dtto. Capital, Caracas Unidad Defensa 14,&nbsp;Valles del Tuy, Edo. Miranda Unidad Defensa 15,&nbsp;Los Teques, Edo Miranda Unidad Defensa 16,&nbsp;La Guaira,&nbsp;Edo.&nbsp; Vargas &nbsp; Coordinaci\u00f3n Regional Segunda Central Unidad Defensa 21, Maracay, Edo Aragua Unidad Defensa 22,&nbsp;Maracay, Edo Aragua Unidad Defensa 23,&nbsp;La Victoria, Edo. Aragua Unidad Defensa 24,&nbsp;Valencia, Edo. Carabobo Unidad Defensa 25,&nbsp;Valencia, Edo. Carabobo Unidad Defensa 26,&nbsp;Puerto Cabello, Edo. Carabobo Unidad Defensa 27,&nbsp;San Felipe, Edo. Yaracuy Coordinaci\u00f3n Regional Tercera Occidental Unidad Defensa 31, Maracaibo, Edo Zulia Unidad Defensa 32,&nbsp;Maracaibo, Edo Zulia Unidad Defensa 33, Santa B\u00e1rbara, Edo Zulia Unidad Defensa 34, Punto Fijo, Edo. Falc\u00f3n Unidad Defensa 35, Barquisimeto, Edo. Lara Coordinaci\u00f3n Regional Cuarta de los Andes Unidad Defensa 41, San Crist\u00f3bal, Edo T\u00e1chira Unidad Defensa 42, San Crist\u00f3bal,&nbsp;Edo T\u00e1chira Unidad Defensa 43,&nbsp;M\u00e9rida, Edo. M\u00e9rida Unidad Defensa 44, La Fr\u00eda, Edo. T\u00e1chira Unidad Defensa 45,&nbsp;San Antonio del T\u00e1chira, Edo. T\u00e1chira Unidad Defensa 46, Trujillo, Edo. Trujillo Coordinaci\u00f3n Regional Quinta Oriental e Insular Unidad Defensa 51,&nbsp;Matur\u00edn, Edo Monagas Unidad Defensa 52, Matur\u00edn, Edo. Monagas Unidad Defensa 53, Car\u00fapano, Edo. Sucre Unidad Defensa 54, Barcelona, Edo. Anzo\u00e1tegui Unidad defensa 55, El Tigre, Edo. Anzo\u00e1tegui Unidad defensa 56, Cumana, Edo. Sucre Unidad Defensa 57,&nbsp; Guiria, Edo. Sucre Unidad Defensa 58,&nbsp;Porlamar, Edo. Nueva Esparta &nbsp; Coordinaci\u00f3n Regional Sexta los Llanos Unidad Defensa 61, San Juan de los Morros, Edo. Gu\u00e1rico Unidad Defensa 62, San Juan de los Morros, Edo. Gu\u00e1rico Unidad Defensa 63, San Fernando de apure, Edo. Apure Unidad Defensa 64, Guanare, Edo. Portuguesa Unidad Defensa 65, Guasdualito, Edo. Apure Unidad Defensa 66, Barinas, Edo. Barinas Unidad Defensa 67, San Carlos, Edo. Cojedes Coordinaci\u00f3n Regional S\u00e9ptima de Guayana Unidad Defensa 71, Cuidad Bolivar, Edo Bol\u00edvar Unidad Defensa 72,&nbsp;Cuidad Bolivar, Edo Bol\u00edvar Unidad defensa 73, Puerto Ayacucho, Edo. Amazonas Unidad Defensa 74, Tucupita, Edo. Delta Amacuro Unidad Defensa 75, Guasipati, Edo. Bol\u00edvar Unidad Defensa 76, Puerto Ordaz, Edo. Bol\u00edvar Unidad Defensa 77, Caicara del Orinoco,Edo. Bol\u00edvar&nbsp; Funciones Garantizar la tutela judicial del derecho constitucional a la defensa y el debido proceso a los militares y civiles procesados en la Jurisdicci\u00f3n Penal Militar como mandato constitucional. Garantizar el estado de los procesos administrativos y extrajudiciales en las materias que le son atribuidas, seg\u00fan la Constituci\u00f3n de la Rep\u00fablica Bolivariana de Venezuela y la Ley. Garantizar las actividades judiciales, administrativas y extrajudiciales, tomando en consideraci\u00f3n la autonom\u00eda, independencia, disciplina e idoneidad del servicio de defensa p\u00fablica militar. Instar a la Fiscal\u00eda General Militar para la pr\u00e1ctica de diligencias investigativas, promoviendo las pruebas conducentes para desvirtuar las imputaciones que se le formulen a los defendidos. Garantizar la interposici\u00f3n de los recursos previstos en las leyes adjetivas, para la defensa efectiva de los patrocinados, evitando estado de indefensi\u00f3n. Representar con honestidad, probidad, m\u00edstica, constancia, \u00e9tica y diligencia los derechos de los representados. Supervisar las visitas a los centros de procesados militares y penitenciarias, con el objeto de verificar las condiciones f\u00edsicas y ps\u00edquicas de los defendidos. Prestar un servicio de orientaci\u00f3n y asesor\u00eda en materia judicial, al personal militar y civil que incurran en la comisi\u00f3n de delitos militares. Garantizar la asistencia gratuita de los ciudadanos militares o civiles que incurran en faltas o delitos en la jurisdicci\u00f3n penal militar. Supervisar y coordinar la actuaci\u00f3n de los Jefes, Coordinadores y Defensores P\u00fablicos Militares. Establecer las pol\u00edticas y directrices a ser instrumentadas en cada una de las Coordinaciones Regionales y Defensor\u00edas P\u00fablicas Militares establecidas a nivel nacional. &nbsp;Velar por el cabal cumplimiento de los objetivos y metas trazados por la Instituci\u00f3n Militar. &nbsp;Prestar juramento ante el Director Ejecutivo o Directora Ejecutiva de la Defensor\u00eda P\u00fablica. &nbsp;Informar al Director Ejecutivo o Directora Ejecutiva de la Defensa P\u00fablica en relaci\u00f3n al estado actual de cualquier causa requerida.<\/p>\n","protected":false},"author":4,"featured_media":0,"parent":0,"menu_order":0,"comment_status":"closed","ping_status":"closed","template":"","meta":{"site-sidebar-layout":"no-sidebar","site-content-layout":"","ast-site-content-layout":"full-width-container","site-content-style":"default","site-sidebar-style":"default","ast-global-header-display":"","ast-banner-title-visibility":"","ast-main-header-display":"","ast-hfb-above-header-display":"","ast-hfb-below-header-display":"","ast-hfb-mobile-header-display":"","site-post-title":"disabled","ast-breadcrumbs-content":"","ast-featured-img":"disabled","footer-sml-layout":"","theme-transparent-header-meta":"","adv-header-id-meta":"","stick-header-meta":"","header-above-stick-meta":"","header-main-stick-meta":"","header-below-stick-meta":"","astra-migrate-meta-layouts":"default","ast-page-background-enabled":"default","ast-page-background-meta":{"desktop":{"background-color":"var(--ast-global-color-4)","background-image":"","background-repeat":"repeat","background-position":"center center","background-size":"auto","background-attachment":"scroll","background-type":"","background-media":"","overlay-type":"","overlay-color":"","overlay-gradient":""},"tablet":{"background-color":"","background-image":"","background-repeat":"repeat","background-position":"center center","background-size":"auto","background-attachment":"scroll","background-type":"","background-media":"","overlay-type":"","overlay-color":"","overlay-gradient":""},"mobile":{"background-color":"","background-image":"","background-repeat":"repeat","background-position":"center center","background-size":"auto","background-attachment":"scroll","background-type":"","background-media":"","overlay-type":"","overlay-color":"","overlay-gradient":""}},"ast-content-background-meta":{"desktop":{"background-color":"var(--ast-global-color-5)","background-image":"","background-repeat":"repeat","background-position":"center center","background-size":"auto","background-attachment":"scroll","background-type":"","background-media":"","overlay-type":"","overlay-color":"","overlay-gradient":""},"tablet":{"background-color":"var(--ast-global-color-5)","background-image":"","background-repeat":"repeat","background-position":"center center","background-size":"auto","background-attachment":"scroll","background-type":"","background-media":"","overlay-type":"","overlay-color":"","overlay-gradient":""},"mobile":{"background-color":"var(--ast-global-color-5)","background-image":"","background-repeat":"repeat","background-position":"center center","background-size":"auto","background-attachment":"scroll","background-type":"","background-media":"","overlay-type":"","overlay-color":"","overlay-gradient":""}},"footnotes":""},"class_list":["post-91","page","type-page","status-publish","hentry"],"_links":{"self":[{"href":"https:\/\/www.mindefensa.gob.ve\/index.php?rest_route=\/wp\/v2\/pages\/91","targetHints":{"allow":["GET"]}}],"collection":[{"href":"https:\/\/www.mindefensa.gob.ve\/index.php?rest_route=\/wp\/v2\/pages"}],"about":[{"href":"https:\/\/www.mindefensa.gob.ve\/index.php?rest_route=\/wp\/v2\/types\/page"}],"author":[{"embeddable":true,"href":"https:\/\/www.mindefensa.gob.ve\/index.php?rest_route=\/wp\/v2\/users\/4"}],"replies":[{"embeddable":true,"href":"https:\/\/www.mindefensa.gob.ve\/index.php?rest_route=%2Fwp%2Fv2%2Fcomments&post=91"}],"version-history":[{"count":4,"href":"https:\/\/www.mindefensa.gob.ve\/index.php?rest_route=\/wp\/v2\/pages\/91\/revisions"}],"predecessor-version":[{"id":95,"href":"https:\/\/www.mindefensa.gob.ve\/index.php?rest_route=\/wp\/v2\/pages\/91\/revisions\/95"}],"wp:attachment":[{"href":"https:\/\/www.mindefensa.gob.ve\/index.php?rest_route=%2Fwp%2Fv2%2Fmedia&parent=91"}],"curies":[{"name":"wp","href":"https:\/\/api.w.org\/{rel}","templated":true}]}}