{"id":702,"date":"2025-05-12T19:31:31","date_gmt":"2025-05-12T17:31:31","guid":{"rendered":"http:\/\/www.mindefensa.gob.ve\/?page_id=702"},"modified":"2025-05-12T19:38:13","modified_gmt":"2025-05-12T17:38:13","slug":"copefanb-2","status":"publish","type":"page","link":"https:\/\/www.mindefensa.gob.ve\/?page_id=702","title":{"rendered":"COPEFANB"},"content":{"rendered":"\t\t<div data-elementor-type=\"wp-page\" data-elementor-id=\"702\" class=\"elementor elementor-702\" data-elementor-post-type=\"page\">\n\t\t\t\t<div class=\"elementor-element elementor-element-6ebbd9e e-flex e-con-boxed wpr-particle-no wpr-jarallax-no wpr-parallax-no wpr-sticky-section-no e-con e-parent\" data-id=\"6ebbd9e\" data-element_type=\"container\">\n\t\t\t\t\t<div class=\"e-con-inner\">\n\t\t\t\t<div class=\"elementor-element elementor-element-4dc3083 elementor-widget elementor-widget-text-editor\" data-id=\"4dc3083\" data-element_type=\"widget\" data-widget_type=\"text-editor.default\">\n\t\t\t\t<div class=\"elementor-widget-container\">\n\t\t\t<style>\/*! elementor - v3.21.0 - 08-05-2024 *\/\n.elementor-widget-text-editor.elementor-drop-cap-view-stacked .elementor-drop-cap{background-color:#69727d;color:#fff}.elementor-widget-text-editor.elementor-drop-cap-view-framed .elementor-drop-cap{color:#69727d;border:3px solid;background-color:transparent}.elementor-widget-text-editor:not(.elementor-drop-cap-view-default) .elementor-drop-cap{margin-top:8px}.elementor-widget-text-editor:not(.elementor-drop-cap-view-default) .elementor-drop-cap-letter{width:1em;height:1em}.elementor-widget-text-editor .elementor-drop-cap{float:left;text-align:center;line-height:1;font-size:50px}.elementor-widget-text-editor .elementor-drop-cap-letter{display:inline-block}<\/style>\t\t\t\t<h1 style=\"text-align: center;\"><span style=\"color: #000000;\">COPEFANB<\/span><\/h1>\t\t\t\t\t\t<\/div>\n\t\t\t\t<\/div>\n\t\t\t\t\t<\/div>\n\t\t\t\t<\/div>\n\t\t<div class=\"elementor-element elementor-element-7bcddb2 e-flex e-con-boxed wpr-particle-no wpr-jarallax-no wpr-parallax-no wpr-sticky-section-no e-con e-parent\" data-id=\"7bcddb2\" data-element_type=\"container\">\n\t\t\t\t\t<div class=\"e-con-inner\">\n\t\t\t\t<div class=\"elementor-element elementor-element-924a233 elementor-widget elementor-widget-image\" data-id=\"924a233\" data-element_type=\"widget\" data-widget_type=\"image.default\">\n\t\t\t\t<div class=\"elementor-widget-container\">\n\t\t\t<style>\/*! elementor - v3.21.0 - 08-05-2024 *\/\n.elementor-widget-image{text-align:center}.elementor-widget-image a{display:inline-block}.elementor-widget-image a img[src$=\".svg\"]{width:48px}.elementor-widget-image img{vertical-align:middle;display:inline-block}<\/style>\t\t\t\t\t\t\t\t\t\t<img fetchpriority=\"high\" decoding=\"async\" width=\"291\" height=\"298\" src=\"https:\/\/www.mindefensa.gob.ve\/wp-content\/uploads\/2025\/05\/LOGO-COPEFANB-1.jpg\" class=\"attachment-full size-full wp-image-700\" alt=\"\" \/>\t\t\t\t\t\t\t\t\t\t\t\t\t<\/div>\n\t\t\t\t<\/div>\n\t\t\t\t\t<\/div>\n\t\t\t\t<\/div>\n\t\t<div class=\"elementor-element elementor-element-cffb783 e-flex e-con-boxed wpr-particle-no wpr-jarallax-no wpr-parallax-no wpr-sticky-section-no e-con e-parent\" data-id=\"cffb783\" data-element_type=\"container\">\n\t\t\t\t\t<div class=\"e-con-inner\">\n\t\t<div class=\"elementor-element elementor-element-b4bef28 e-con-full e-flex wpr-particle-no wpr-jarallax-no wpr-parallax-no wpr-sticky-section-no e-con e-child\" data-id=\"b4bef28\" data-element_type=\"container\">\n\t\t\t\t<div class=\"elementor-element elementor-element-9a0e624 elementor-widget elementor-widget-text-editor\" data-id=\"9a0e624\" data-element_type=\"widget\" data-widget_type=\"text-editor.default\">\n\t\t\t\t<div class=\"elementor-widget-container\">\n\t\t\t\t\t\t\t<h2 class=\"has-medium-font-size\" style=\"text-align: center;\"><span style=\"color: #000000;\"><strong>Misi\u00f3n<\/strong><\/span><\/h2><p>Garantizar la ense\u00f1anza del evangelio de Jesucristo, bajo los principios b\u00edblicos, a todo el personal militar y civil, sin distinciones de categor\u00eda y condici\u00f3n, as\u00ed como a sus familiares, en perfecta uni\u00f3n c\u00edvico-militar, en cualquier lugar donde se encuentren, para el fortalecimiento de los valores \u00e9ticos, morales y espirituales, a fin de que todo el personal sirva a la patria, bajo el respeto a Dios en el ejercicio de sus cargos con fidelidad, lealtad y excelencia.<\/p>\t\t\t\t\t\t<\/div>\n\t\t\t\t<\/div>\n\t\t\t\t<\/div>\n\t\t<div class=\"elementor-element elementor-element-930e27d e-con-full e-flex wpr-particle-no wpr-jarallax-no wpr-parallax-no wpr-sticky-section-no e-con e-child\" data-id=\"930e27d\" data-element_type=\"container\">\n\t\t\t\t<div class=\"elementor-element elementor-element-2047acb elementor-widget elementor-widget-text-editor\" data-id=\"2047acb\" data-element_type=\"widget\" data-widget_type=\"text-editor.default\">\n\t\t\t\t<div class=\"elementor-widget-container\">\n\t\t\t\t\t\t\t<h3 class=\"has-medium-font-size\" style=\"text-align: center;\"><span style=\"color: #000000;\"><strong>Visi\u00f3n<\/strong><\/span><\/h3><p>Alcanzar como organizaci\u00f3n y autoridad espiritual con el evangelio de Jesucristo y su amor, a todo el personal militar y civil de la Fuerza Armada Nacional Bolivariana en cualquier \u00e1mbito y lugar donde se encuentren, con la finalidad que sirvan a la patria en el ejercicio de sus funciones, como garantes de la libertad y seguridad bajo los principios \u00e9ticos, morales y espirituales contenidos en la biblia, con lealtad, fidelidad y excelencia.<\/p>\t\t\t\t\t\t<\/div>\n\t\t\t\t<\/div>\n\t\t\t\t<\/div>\n\t\t\t\t\t<\/div>\n\t\t\t\t<\/div>\n\t\t<div class=\"elementor-element elementor-element-27bf214 e-flex e-con-boxed wpr-particle-no wpr-jarallax-no wpr-parallax-no wpr-sticky-section-no e-con e-parent\" data-id=\"27bf214\" data-element_type=\"container\">\n\t\t\t\t\t<div class=\"e-con-inner\">\n\t\t\t\t<div class=\"elementor-element elementor-element-ba21d59 elementor-widget elementor-widget-image\" data-id=\"ba21d59\" data-element_type=\"widget\" data-widget_type=\"image.default\">\n\t\t\t\t<div class=\"elementor-widget-container\">\n\t\t\t\t\t\t\t\t\t\t\t\t\t<img decoding=\"async\" width=\"948\" height=\"636\" src=\"https:\/\/www.mindefensa.gob.ve\/wp-content\/uploads\/2025\/05\/ORGANIGRAMA-COPEFANB.jpg\" class=\"attachment-large size-large wp-image-701\" alt=\"\" \/>\t\t\t\t\t\t\t\t\t\t\t\t\t<\/div>\n\t\t\t\t<\/div>\n\t\t\t\t\t<\/div>\n\t\t\t\t<\/div>\n\t\t\t\t<\/div>\n\t\t","protected":false},"excerpt":{"rendered":"<p>COPEFANB Misi\u00f3n Garantizar la ense\u00f1anza del evangelio de Jesucristo, bajo los principios b\u00edblicos, a todo el personal militar y civil, sin distinciones de categor\u00eda y condici\u00f3n, as\u00ed como a sus familiares, en perfecta uni\u00f3n c\u00edvico-militar, en cualquier lugar donde se encuentren, para el fortalecimiento de los valores \u00e9ticos, morales y espirituales, a fin de que todo el personal sirva a la patria, bajo el respeto a Dios en el ejercicio de sus cargos con fidelidad, lealtad y excelencia. Visi\u00f3n Alcanzar como organizaci\u00f3n y autoridad espiritual con el evangelio de Jesucristo y su amor, a todo el personal militar y civil de la Fuerza Armada Nacional Bolivariana en cualquier \u00e1mbito y lugar donde se encuentren, con la finalidad que sirvan a la patria en el ejercicio de sus funciones, como garantes de la libertad y seguridad bajo los principios \u00e9ticos, morales y espirituales contenidos en la biblia, con lealtad, fidelidad y excelencia.<\/p>\n","protected":false},"author":4,"featured_media":0,"parent":0,"menu_order":0,"comment_status":"closed","ping_status":"closed","template":"","meta":{"site-sidebar-layout":"no-sidebar","site-content-layout":"","ast-site-content-layout":"full-width-container","site-content-style":"default","site-sidebar-style":"default","ast-global-header-display":"","ast-banner-title-visibility":"","ast-main-header-display":"","ast-hfb-above-header-display":"","ast-hfb-below-header-display":"","ast-hfb-mobile-header-display":"","site-post-title":"disabled","ast-breadcrumbs-content":"","ast-featured-img":"disabled","footer-sml-layout":"","theme-transparent-header-meta":"","adv-header-id-meta":"","stick-header-meta":"","header-above-stick-meta":"","header-main-stick-meta":"","header-below-stick-meta":"","astra-migrate-meta-layouts":"default","ast-page-background-enabled":"default","ast-page-background-meta":{"desktop":{"background-color":"var(--ast-global-color-4)","background-image":"","background-repeat":"repeat","background-position":"center center","background-size":"auto","background-attachment":"scroll","background-type":"","background-media":"","overlay-type":"","overlay-color":"","overlay-gradient":""},"tablet":{"background-color":"","background-image":"","background-repeat":"repeat","background-position":"center center","background-size":"auto","background-attachment":"scroll","background-type":"","background-media":"","overlay-type":"","overlay-color":"","overlay-gradient":""},"mobile":{"background-color":"","background-image":"","background-repeat":"repeat","background-position":"center center","background-size":"auto","background-attachment":"scroll","background-type":"","background-media":"","overlay-type":"","overlay-color":"","overlay-gradient":""}},"ast-content-background-meta":{"desktop":{"background-color":"var(--ast-global-color-5)","background-image":"","background-repeat":"repeat","background-position":"center center","background-size":"auto","background-attachment":"scroll","background-type":"","background-media":"","overlay-type":"","overlay-color":"","overlay-gradient":""},"tablet":{"background-color":"var(--ast-global-color-5)","background-image":"","background-repeat":"repeat","background-position":"center center","background-size":"auto","background-attachment":"scroll","background-type":"","background-media":"","overlay-type":"","overlay-color":"","overlay-gradient":""},"mobile":{"background-color":"var(--ast-global-color-5)","background-image":"","background-repeat":"repeat","background-position":"center center","background-size":"auto","background-attachment":"scroll","background-type":"","background-media":"","overlay-type":"","overlay-color":"","overlay-gradient":""}},"footnotes":""},"class_list":["post-702","page","type-page","status-publish","hentry"],"_links":{"self":[{"href":"https:\/\/www.mindefensa.gob.ve\/index.php?rest_route=\/wp\/v2\/pages\/702","targetHints":{"allow":["GET"]}}],"collection":[{"href":"https:\/\/www.mindefensa.gob.ve\/index.php?rest_route=\/wp\/v2\/pages"}],"about":[{"href":"https:\/\/www.mindefensa.gob.ve\/index.php?rest_route=\/wp\/v2\/types\/page"}],"author":[{"embeddable":true,"href":"https:\/\/www.mindefensa.gob.ve\/index.php?rest_route=\/wp\/v2\/users\/4"}],"replies":[{"embeddable":true,"href":"https:\/\/www.mindefensa.gob.ve\/index.php?rest_route=%2Fwp%2Fv2%2Fcomments&post=702"}],"version-history":[{"count":4,"href":"https:\/\/www.mindefensa.gob.ve\/index.php?rest_route=\/wp\/v2\/pages\/702\/revisions"}],"predecessor-version":[{"id":706,"href":"https:\/\/www.mindefensa.gob.ve\/index.php?rest_route=\/wp\/v2\/pages\/702\/revisions\/706"}],"wp:attachment":[{"href":"https:\/\/www.mindefensa.gob.ve\/index.php?rest_route=%2Fwp%2Fv2%2Fmedia&parent=702"}],"curies":[{"name":"wp","href":"https:\/\/api.w.org\/{rel}","templated":true}]}}