{"id":42,"date":"2024-11-08T18:06:03","date_gmt":"2024-11-08T17:06:03","guid":{"rendered":"http:\/\/www.mindefensa.gob.ve\/?page_id=42"},"modified":"2026-02-05T12:56:16","modified_gmt":"2026-02-05T16:56:16","slug":"ministro-del-poder-popular-para-la-defensa","status":"publish","type":"page","link":"https:\/\/www.mindefensa.gob.ve\/?page_id=42","title":{"rendered":"Ministro del Poder Popular para la Defensa"},"content":{"rendered":"\t\t<div data-elementor-type=\"wp-page\" data-elementor-id=\"42\" class=\"elementor elementor-42\" data-elementor-post-type=\"page\">\n\t\t\t\t<div class=\"elementor-element elementor-element-7161ee14 e-flex e-con-boxed wpr-particle-no wpr-jarallax-no wpr-parallax-no wpr-sticky-section-no e-con e-parent\" data-id=\"7161ee14\" data-element_type=\"container\">\n\t\t\t\t\t<div class=\"e-con-inner\">\n\t\t\t\t<div class=\"elementor-element elementor-element-3a63f850 elementor-widget elementor-widget-text-editor\" data-id=\"3a63f850\" data-element_type=\"widget\" data-widget_type=\"text-editor.default\">\n\t\t\t\t<div class=\"elementor-widget-container\">\n\t\t\t<style>\/*! elementor - v3.21.0 - 08-05-2024 *\/\n.elementor-widget-text-editor.elementor-drop-cap-view-stacked .elementor-drop-cap{background-color:#69727d;color:#fff}.elementor-widget-text-editor.elementor-drop-cap-view-framed .elementor-drop-cap{color:#69727d;border:3px solid;background-color:transparent}.elementor-widget-text-editor:not(.elementor-drop-cap-view-default) .elementor-drop-cap{margin-top:8px}.elementor-widget-text-editor:not(.elementor-drop-cap-view-default) .elementor-drop-cap-letter{width:1em;height:1em}.elementor-widget-text-editor .elementor-drop-cap{float:left;text-align:center;line-height:1;font-size:50px}.elementor-widget-text-editor .elementor-drop-cap-letter{display:inline-block}<\/style>\t\t\t\t<!-- wp:image -->\n<figure class=\"wp-block-image\"><img alt=\"\"\/><\/figure>\n<!-- \/wp:image -->\t\t\t\t\t\t<\/div>\n\t\t\t\t<\/div>\n\t\t\t\t\t<\/div>\n\t\t\t\t<\/div>\n\t\t<div class=\"elementor-element elementor-element-a980ee9 e-flex e-con-boxed wpr-particle-no wpr-jarallax-no wpr-parallax-no wpr-sticky-section-no e-con e-parent\" data-id=\"a980ee9\" data-element_type=\"container\">\n\t\t\t\t\t<div class=\"e-con-inner\">\n\t\t\t\t<div class=\"elementor-element elementor-element-d899686 elementor-widget elementor-widget-image\" data-id=\"d899686\" data-element_type=\"widget\" data-widget_type=\"image.default\">\n\t\t\t\t<div class=\"elementor-widget-container\">\n\t\t\t<style>\/*! elementor - v3.21.0 - 08-05-2024 *\/\n.elementor-widget-image{text-align:center}.elementor-widget-image a{display:inline-block}.elementor-widget-image a img[src$=\".svg\"]{width:48px}.elementor-widget-image img{vertical-align:middle;display:inline-block}<\/style>\t\t\t\t\t\t\t\t\t\t<img fetchpriority=\"high\" decoding=\"async\" width=\"750\" height=\"1125\" src=\"https:\/\/www.mindefensa.gob.ve\/wp-content\/uploads\/2024\/11\/ministro-del-mppd.jpg\" class=\"attachment-medium_large size-medium_large wp-image-43\" alt=\"\" \/>\t\t\t\t\t\t\t\t\t\t\t\t\t<\/div>\n\t\t\t\t<\/div>\n\t\t\t\t\t<\/div>\n\t\t\t\t<\/div>\n\t\t<div class=\"elementor-element elementor-element-8011dc3 e-flex e-con-boxed wpr-particle-no wpr-jarallax-no wpr-parallax-no wpr-sticky-section-no e-con e-parent\" data-id=\"8011dc3\" data-element_type=\"container\">\n\t\t\t\t\t<div class=\"e-con-inner\">\n\t\t\t\t<div class=\"elementor-element elementor-element-0cedd3b elementor-widget elementor-widget-text-editor\" data-id=\"0cedd3b\" data-element_type=\"widget\" data-widget_type=\"text-editor.default\">\n\t\t\t\t<div class=\"elementor-widget-container\">\n\t\t\t\t\t\t\t<p style=\"text-align: center;\"><span style=\"color: #000000;\">GJ VLADIMIR PADRINO L\u00d3PEZ<\/span><\/p>\n<p style=\"text-align: center;\"><span style=\"color: #000000;\">MINISTRO DEL PODER POPULAR PARA LA DEFENSA<\/span><\/p>\n<p><span style=\"color: #000000;\">El\u00a0<strong>General en Jefe Vladimir Padrino L\u00f3pez<\/strong>\u00a0nace en la ciudad de\u00a0<strong>Caracas<\/strong>,\u00a0reina del Guarairarrepano, el 30 de mayo de 1963, en la parroquia Santa Rosal\u00eda, y su adolescencia transcurre en La Candelaria. Curs\u00f3 estudios b\u00e1sicos en la Escuela \u201cPedro Manuel Ruiz\u201d, ubicada en Los Magallanes de Catia.<\/span><\/p>\n<p><span style=\"color: #000000;\">Hijo del Sr. Jos\u00e9 Manuel Padrino Renaud y la Sra. Carmen Oneida L\u00f3pez de Padrino. Tiene dos hijos: Mitchell y Yarazetd. En el plano personal destaca su pasi\u00f3n por la m\u00fasica venezolana.<\/span><\/p>\n<p><span style=\"color: #000000;\">Egres\u00f3 de la Academia Militar de Venezuela el 5 de julio de 1984 como integrante de la promoci\u00f3n \u201c<em>General de Brigada Juan G\u00f3mez Mireles<\/em>\u201d. Pertenece al Arma de Infanter\u00eda.<\/span><\/p>\n<p>\u00a0<\/p>\t\t\t\t\t\t<\/div>\n\t\t\t\t<\/div>\n\t\t\t\t\t<\/div>\n\t\t\t\t<\/div>\n\t\t<div class=\"elementor-element elementor-element-eae9186 e-flex e-con-boxed wpr-particle-no wpr-jarallax-no wpr-parallax-no wpr-sticky-section-no e-con e-parent\" data-id=\"eae9186\" data-element_type=\"container\">\n\t\t\t\t\t<div class=\"e-con-inner\">\n\t\t\t\t<div class=\"elementor-element elementor-element-84e8af7 elementor-widget elementor-widget-image\" data-id=\"84e8af7\" data-element_type=\"widget\" data-widget_type=\"image.default\">\n\t\t\t\t<div class=\"elementor-widget-container\">\n\t\t\t\t\t\t\t\t\t\t\t\t\t<img decoding=\"async\" width=\"620\" height=\"424\" src=\"https:\/\/www.mindefensa.gob.ve\/wp-content\/uploads\/2024\/11\/ameb.jpg\" class=\"attachment-large size-large wp-image-48\" alt=\"\" \/>\t\t\t\t\t\t\t\t\t\t\t\t\t<\/div>\n\t\t\t\t<\/div>\n\t\t\t\t\t<\/div>\n\t\t\t\t<\/div>\n\t\t<div class=\"elementor-element elementor-element-b97cdc0 e-flex e-con-boxed wpr-particle-no wpr-jarallax-no wpr-parallax-no wpr-sticky-section-no e-con e-parent\" data-id=\"b97cdc0\" data-element_type=\"container\">\n\t\t\t\t\t<div class=\"e-con-inner\">\n\t\t\t\t<div class=\"elementor-element elementor-element-4cb907e elementor-widget elementor-widget-text-editor\" data-id=\"4cb907e\" data-element_type=\"widget\" data-widget_type=\"text-editor.default\">\n\t\t\t\t<div class=\"elementor-widget-container\">\n\t\t\t\t\t\t\t<p style=\"text-align: center;\"><em>Universidad Militar Bolivariana de Venezuela<\/em><\/p>\n<p><span style=\"color: #000000;\">Sus inicios en la gloriosa carrera de las armas, se dan como\u00a0comandante de pelot\u00f3n\u00a0de morteros de 81 mm del Batall\u00f3n de Infanter\u00eda \u201c<em>Antonio Ricaurte<\/em>\u201d, en la poblaci\u00f3n de Rubio, Edo. T\u00e1chira.<\/span><\/p>\n<p><span style=\"color: #000000;\">Ha aquilatado una vasta experiencia desde el punto de vista acad\u00e9mico-militar y en el \u00e1rea del comando de tropas, ocupando todos los cargos de comando inherentes a los grados, entre los cuales se pueden resaltar:<\/span><\/p>\n<ul>\n<li><span style=\"color: #000000;\">Comandante de unidades b\u00e1sicas y fundamentales en los grados de Teniente y Capit\u00e1n en diferentes lugares de la geograf\u00eda nacional.<\/span><\/li>\n<li><span style=\"color: #000000;\">2<sup>do<\/sup>\u00a0Comandante del 112 Batall\u00f3n de Infanter\u00eda Mecanizada \u201c<em>Coronel Francisco Aramendi<\/em>\u201d, Maracaibo, Edo. Zulia.<\/span><\/li>\n<li><span style=\"color: #000000;\">1<sup>er<\/sup>\u00a0Comandante del 311 Batall\u00f3n de Infanter\u00eda, \u201c<em>Libertador Sim\u00f3n Bol\u00edvar<\/em>\u201d (2000 \u2013 2003), Fuerte Tiuna, donde tuvo una actuaci\u00f3n destacada en la restituci\u00f3n del hilo constitucional durante los sucesos del golpe de Estado de abril de 2002.<\/span><\/li>\n<li><span style=\"color: #000000;\">Comandante del Cuartel General del Ej\u00e9rcito Bolivariano, Fuerte Tiuna, Caracas.<\/span><\/li>\n<li><span style=\"color: #000000;\">Comandante de la 93 Brigada Caribe \u201c<em>General en Jefe Ezequiel Zamora<\/em>\u201d, con sede en Barinas, Edo. Barinas.<\/span><\/li>\n<li><span style=\"color: #000000;\">Jefe de Estado Mayor Conjunto de la Regi\u00f3n Estrat\u00e9gica de Defensa Integral Central, Fuerte Tiuna, Caracas.<\/span><\/li>\n<li><span style=\"color: #000000;\">2<sup>do<\/sup>\u00a0Comandante y Jefe del Estado Mayor General del Ej\u00e9rcito Bolivariano.<\/span><\/li>\n<\/ul>\n<p><span style=\"color: #000000;\">En cada uno de los estudios realizados a lo largo de su carrera, sobresalen:<\/span><\/p>\n<ul>\n<li><span style=\"color: #000000;\">Curso Avanzado de Infanter\u00eda N\u00b0 27, ocupando el 1<sup>er<\/sup>\u00a0lugar en el orden de M\u00e9rito General.<\/span><\/li>\n<li><span style=\"color: #000000;\">Curso B\u00e1sico de Comando y Estado Mayor N\u00b0 40, alcanzando el 1<sup>er<\/sup>\u00a0lugar en el orden de M\u00e9rito General.<\/span><\/li>\n<li><span style=\"color: #000000;\">Curso Oficial de Comando y Estado Mayor N\u00b0 41, donde obtuvo el 1<sup>er<\/sup>\u00a0lugar en el orden de M\u00e9rito General.<\/span><\/li>\n<li><span style=\"color: #000000;\">Magister en Ciencias y Artes Militares.<\/span><\/li>\n<li><span style=\"color: #000000;\">Magister en Ciencias Gerenciales.<\/span><\/li>\n<\/ul>\n<p><span style=\"color: #000000;\">Ha ejercido la docencia en diversos institutos militares y civiles, entre ellos la\u00a0Universidad Nacional Experimental de la Fuerza Armada\u00a0(UNEFA), la\u00a0Academia Militar del Ej\u00e9rcito Bolivariano, la\u00a0Escuela de Infanter\u00eda \u201cGeneral en Jefe Rafael Urdaneta\u201d, entre otros, acumulando m\u00e1s de mil horas de instrucci\u00f3n, evidenci\u00e1ndose as\u00ed su vocaci\u00f3n acad\u00e9mica.<\/span><\/p>\n<p><span style=\"color: #000000; font-style: inherit; font-weight: inherit; font-family: var( --e-global-typography-text-font-family ), Sans-serif; text-align: var(--text-align); background-color: var(--ast-global-color-5);\">Es miembro fundador del Comando Institucional\u00a0\u201cMoral y Luces\u201d de la Fuerza Armada Nacional Bolivariana, destacando el significado de la Revoluci\u00f3n Bolivariana y fortaleciendo los valores socialistas.<\/span><\/p>\n<p><span style=\"color: #000000;\">Es autor del texto\u00a0<em>Procedimiento de Preparaci\u00f3n de Operaciones<\/em>, manual\u00a0de consulta y referencia en todos los institutos de capacitaci\u00f3n y formaci\u00f3n profesional de la Fuerza Armada Nacional Bolivariana.<\/span><\/p>\n<p><span style=\"color: #000000;\">Fue ascendido a los grados de General de Brigada, General de Divisi\u00f3n, Mayor General y General en Jefe, ocupando el primer lugar dentro del orden de M\u00e9rito General de su promoci\u00f3n.<\/span><\/p>\n<p><span style=\"color: #000000;\">As\u00ed mismo ha sido objeto de innumerables reconocimientos, placas, barras insignias y condecoraciones a lo largo de su fecunda trayectoria, entre los que se destaca la Orden del Libertador en su 2<sup>da<\/sup>\u00a0Clase.<\/span><\/p>\n<p><span style=\"color: #000000;\">Desde el 24 de octubre de 2014 el General en Jefe Vladimir Padrino L\u00f3pez, ocupa el cargo de Ministro del Poder Popular para la Defensa y ejerci\u00f3 el cargo de Comandante Estrat\u00e9gico Operacional hasta junio de 2017, adem\u00e1s ejerce la funci\u00f3n de\u00a0<strong>Vicepresidente Sectorial de Defensa y Soberan\u00eda, <\/strong>as\u00ed como e igualmente es\u00a0<strong>Jefe de la Gran Misi\u00f3n Abastecimiento Soberano y Seguro<\/strong>.<\/span><\/p>\t\t\t\t\t\t<\/div>\n\t\t\t\t<\/div>\n\t\t\t\t\t<\/div>\n\t\t\t\t<\/div>\n\t\t\t\t<\/div>\n\t\t","protected":false},"excerpt":{"rendered":"<p>GJ VLADIMIR PADRINO L\u00d3PEZ MINISTRO DEL PODER POPULAR PARA LA DEFENSA El\u00a0General en Jefe Vladimir Padrino L\u00f3pez\u00a0nace en la ciudad de\u00a0Caracas,\u00a0reina del Guarairarrepano, el 30 de mayo de 1963, en la parroquia Santa Rosal\u00eda, y su adolescencia transcurre en La Candelaria. Curs\u00f3 estudios b\u00e1sicos en la Escuela \u201cPedro Manuel Ruiz\u201d, ubicada en Los Magallanes de Catia. Hijo del Sr. Jos\u00e9 Manuel Padrino Renaud y la Sra. Carmen Oneida L\u00f3pez de Padrino. Tiene dos hijos: Mitchell y Yarazetd. En el plano personal destaca su pasi\u00f3n por la m\u00fasica venezolana. Egres\u00f3 de la Academia Militar de Venezuela el 5 de julio de 1984 como integrante de la promoci\u00f3n \u201cGeneral de Brigada Juan G\u00f3mez Mireles\u201d. Pertenece al Arma de Infanter\u00eda. \u00a0 Universidad Militar Bolivariana de Venezuela Sus inicios en la gloriosa carrera de las armas, se dan como\u00a0comandante de pelot\u00f3n\u00a0de morteros de 81 mm del Batall\u00f3n de Infanter\u00eda \u201cAntonio Ricaurte\u201d, en la poblaci\u00f3n de Rubio, Edo. T\u00e1chira. Ha aquilatado una vasta experiencia desde el punto de vista acad\u00e9mico-militar y en el \u00e1rea del comando de tropas, ocupando todos los cargos de comando inherentes a los grados, entre los cuales se pueden resaltar: Comandante de unidades b\u00e1sicas y fundamentales en los grados de Teniente y Capit\u00e1n en diferentes lugares de la geograf\u00eda nacional. 2do\u00a0Comandante del 112 Batall\u00f3n de Infanter\u00eda Mecanizada \u201cCoronel Francisco Aramendi\u201d, Maracaibo, Edo. Zulia. 1er\u00a0Comandante del 311 Batall\u00f3n de Infanter\u00eda, \u201cLibertador Sim\u00f3n Bol\u00edvar\u201d (2000 \u2013 2003), Fuerte Tiuna, donde tuvo una actuaci\u00f3n destacada en la restituci\u00f3n del hilo constitucional durante los sucesos del golpe de Estado de abril de 2002. Comandante del Cuartel General del Ej\u00e9rcito Bolivariano, Fuerte Tiuna, Caracas. Comandante de la 93 Brigada Caribe \u201cGeneral en Jefe Ezequiel Zamora\u201d, con sede en Barinas, Edo. Barinas. Jefe de Estado Mayor Conjunto de la Regi\u00f3n Estrat\u00e9gica de Defensa Integral Central, Fuerte Tiuna, Caracas. 2do\u00a0Comandante y Jefe del Estado Mayor General del Ej\u00e9rcito Bolivariano. En cada uno de los estudios realizados a lo largo de su carrera, sobresalen: Curso Avanzado de Infanter\u00eda N\u00b0 27, ocupando el 1er\u00a0lugar en el orden de M\u00e9rito General. Curso B\u00e1sico de Comando y Estado Mayor N\u00b0 40, alcanzando el 1er\u00a0lugar en el orden de M\u00e9rito General. Curso Oficial de Comando y Estado Mayor N\u00b0 41, donde obtuvo el 1er\u00a0lugar en el orden de M\u00e9rito General. Magister en Ciencias y Artes Militares. Magister en Ciencias Gerenciales. Ha ejercido la docencia en diversos institutos militares y civiles, entre ellos la\u00a0Universidad Nacional Experimental de la Fuerza Armada\u00a0(UNEFA), la\u00a0Academia Militar del Ej\u00e9rcito Bolivariano, la\u00a0Escuela de Infanter\u00eda \u201cGeneral en Jefe Rafael Urdaneta\u201d, entre otros, acumulando m\u00e1s de mil horas de instrucci\u00f3n, evidenci\u00e1ndose as\u00ed su vocaci\u00f3n acad\u00e9mica. Es miembro fundador del Comando Institucional\u00a0\u201cMoral y Luces\u201d de la Fuerza Armada Nacional Bolivariana, destacando el significado de la Revoluci\u00f3n Bolivariana y fortaleciendo los valores socialistas. Es autor del texto\u00a0Procedimiento de Preparaci\u00f3n de Operaciones, manual\u00a0de consulta y referencia en todos los institutos de capacitaci\u00f3n y formaci\u00f3n profesional de la Fuerza Armada Nacional Bolivariana. Fue ascendido a los grados de General de Brigada, General de Divisi\u00f3n, Mayor General y General en Jefe, ocupando el primer lugar dentro del orden de M\u00e9rito General de su promoci\u00f3n. As\u00ed mismo ha sido objeto de innumerables reconocimientos, placas, barras insignias y condecoraciones a lo largo de su fecunda trayectoria, entre los que se destaca la Orden del Libertador en su 2da\u00a0Clase. Desde el 24 de octubre de 2014 el General en Jefe Vladimir Padrino L\u00f3pez, ocupa el cargo de Ministro del Poder Popular para la Defensa y ejerci\u00f3 el cargo de Comandante Estrat\u00e9gico Operacional hasta junio de 2017, adem\u00e1s ejerce la funci\u00f3n de\u00a0Vicepresidente Sectorial de Defensa y Soberan\u00eda, as\u00ed como e igualmente es\u00a0Jefe de la Gran Misi\u00f3n Abastecimiento Soberano y Seguro.<\/p>\n","protected":false},"author":4,"featured_media":0,"parent":0,"menu_order":0,"comment_status":"closed","ping_status":"closed","template":"","meta":{"site-sidebar-layout":"default","site-content-layout":"","ast-site-content-layout":"","site-content-style":"default","site-sidebar-style":"default","ast-global-header-display":"","ast-banner-title-visibility":"","ast-main-header-display":"","ast-hfb-above-header-display":"","ast-hfb-below-header-display":"","ast-hfb-mobile-header-display":"","site-post-title":"disabled","ast-breadcrumbs-content":"","ast-featured-img":"","footer-sml-layout":"","theme-transparent-header-meta":"","adv-header-id-meta":"","stick-header-meta":"","header-above-stick-meta":"","header-main-stick-meta":"","header-below-stick-meta":"","astra-migrate-meta-layouts":"default","ast-page-background-enabled":"default","ast-page-background-meta":{"desktop":{"background-color":"var(--ast-global-color-4)","background-image":"","background-repeat":"repeat","background-position":"center center","background-size":"auto","background-attachment":"scroll","background-type":"","background-media":"","overlay-type":"","overlay-color":"","overlay-gradient":""},"tablet":{"background-color":"","background-image":"","background-repeat":"repeat","background-position":"center center","background-size":"auto","background-attachment":"scroll","background-type":"","background-media":"","overlay-type":"","overlay-color":"","overlay-gradient":""},"mobile":{"background-color":"","background-image":"","background-repeat":"repeat","background-position":"center center","background-size":"auto","background-attachment":"scroll","background-type":"","background-media":"","overlay-type":"","overlay-color":"","overlay-gradient":""}},"ast-content-background-meta":{"desktop":{"background-color":"var(--ast-global-color-5)","background-image":"","background-repeat":"repeat","background-position":"center center","background-size":"auto","background-attachment":"scroll","background-type":"","background-media":"","overlay-type":"","overlay-color":"","overlay-gradient":""},"tablet":{"background-color":"var(--ast-global-color-5)","background-image":"","background-repeat":"repeat","background-position":"center center","background-size":"auto","background-attachment":"scroll","background-type":"","background-media":"","overlay-type":"","overlay-color":"","overlay-gradient":""},"mobile":{"background-color":"var(--ast-global-color-5)","background-image":"","background-repeat":"repeat","background-position":"center center","background-size":"auto","background-attachment":"scroll","background-type":"","background-media":"","overlay-type":"","overlay-color":"","overlay-gradient":""}},"footnotes":""},"class_list":["post-42","page","type-page","status-publish","hentry"],"_links":{"self":[{"href":"https:\/\/www.mindefensa.gob.ve\/index.php?rest_route=\/wp\/v2\/pages\/42","targetHints":{"allow":["GET"]}}],"collection":[{"href":"https:\/\/www.mindefensa.gob.ve\/index.php?rest_route=\/wp\/v2\/pages"}],"about":[{"href":"https:\/\/www.mindefensa.gob.ve\/index.php?rest_route=\/wp\/v2\/types\/page"}],"author":[{"embeddable":true,"href":"https:\/\/www.mindefensa.gob.ve\/index.php?rest_route=\/wp\/v2\/users\/4"}],"replies":[{"embeddable":true,"href":"https:\/\/www.mindefensa.gob.ve\/index.php?rest_route=%2Fwp%2Fv2%2Fcomments&post=42"}],"version-history":[{"count":25,"href":"https:\/\/www.mindefensa.gob.ve\/index.php?rest_route=\/wp\/v2\/pages\/42\/revisions"}],"predecessor-version":[{"id":2142,"href":"https:\/\/www.mindefensa.gob.ve\/index.php?rest_route=\/wp\/v2\/pages\/42\/revisions\/2142"}],"wp:attachment":[{"href":"https:\/\/www.mindefensa.gob.ve\/index.php?rest_route=%2Fwp%2Fv2%2Fmedia&parent=42"}],"curies":[{"name":"wp","href":"https:\/\/api.w.org\/{rel}","templated":true}]}}