{"id":274,"date":"2024-11-20T17:56:11","date_gmt":"2024-11-20T16:56:11","guid":{"rendered":"http:\/\/www.mindefensa.gob.ve\/?page_id=274"},"modified":"2024-11-20T17:56:11","modified_gmt":"2024-11-20T16:56:11","slug":"decretos-con-rango-valor-y-fuerza-de-leyes-organicas","status":"publish","type":"page","link":"https:\/\/www.mindefensa.gob.ve\/?page_id=274","title":{"rendered":"Decretos con Rango, Valor y Fuerza de Leyes Org\u00e1nicas"},"content":{"rendered":"\n<p><a href=\"https:\/\/www.mindefensa.gob.ve\/wp-content\/uploads\/2024\/11\/COPP-19-03-2013-ULTIMO.pdf\">Decreto con Rango, Valor y Fuerza de Ley del C\u00f3digo Org\u00e1nico Procesal Penal<\/a><\/p>\n\n\n\n<p><a href=\"https:\/\/www.mindefensa.gob.ve\/wp-content\/uploads\/2024\/11\/Decreto_con_Rango_Valor_y_Fuerza_de_Ley_Organica_de_los_Espacios_Acuaticos_-_5.890_E1.pdf\">Decreto con Rango Valor y Fuerza de Ley Org\u00e1nica de los Espacios Acu\u00e1ticos 5.890<\/a><\/p>\n\n\n\n<p><a href=\"https:\/\/www.mindefensa.gob.ve\/wp-content\/uploads\/2024\/11\/LEY-ORGANICA-DE-SEGURIDAD-SOCIAL-DE-LA-FANB.pdf\">Ley Org\u00e1nica de Seguridad Social de la FANB<\/a><\/p>\n\n\n\n<p><\/p>\n","protected":false},"excerpt":{"rendered":"<p>Decreto con Rango, Valor y Fuerza de Ley del C\u00f3digo Org\u00e1nico Procesal Penal Decreto con Rango Valor y Fuerza de Ley Org\u00e1nica de los Espacios Acu\u00e1ticos 5.890 Ley Org\u00e1nica de Seguridad Social de la FANB<\/p>\n","protected":false},"author":4,"featured_media":0,"parent":0,"menu_order":0,"comment_status":"closed","ping_status":"closed","template":"","meta":{"site-sidebar-layout":"default","site-content-layout":"","ast-site-content-layout":"","site-content-style":"default","site-sidebar-style":"default","ast-global-header-display":"","ast-banner-title-visibility":"","ast-main-header-display":"","ast-hfb-above-header-display":"","ast-hfb-below-header-display":"","ast-hfb-mobile-header-display":"","site-post-title":"","ast-breadcrumbs-content":"","ast-featured-img":"","footer-sml-layout":"","theme-transparent-header-meta":"","adv-header-id-meta":"","stick-header-meta":"","header-above-stick-meta":"","header-main-stick-meta":"","header-below-stick-meta":"","astra-migrate-meta-layouts":"default","ast-page-background-enabled":"default","ast-page-background-meta":{"desktop":{"background-color":"var(--ast-global-color-4)","background-image":"","background-repeat":"repeat","background-position":"center center","background-size":"auto","background-attachment":"scroll","background-type":"","background-media":"","overlay-type":"","overlay-color":"","overlay-gradient":""},"tablet":{"background-color":"","background-image":"","background-repeat":"repeat","background-position":"center center","background-size":"auto","background-attachment":"scroll","background-type":"","background-media":"","overlay-type":"","overlay-color":"","overlay-gradient":""},"mobile":{"background-color":"","background-image":"","background-repeat":"repeat","background-position":"center center","background-size":"auto","background-attachment":"scroll","background-type":"","background-media":"","overlay-type":"","overlay-color":"","overlay-gradient":""}},"ast-content-background-meta":{"desktop":{"background-color":"var(--ast-global-color-5)","background-image":"","background-repeat":"repeat","background-position":"center center","background-size":"auto","background-attachment":"scroll","background-type":"","background-media":"","overlay-type":"","overlay-color":"","overlay-gradient":""},"tablet":{"background-color":"var(--ast-global-color-5)","background-image":"","background-repeat":"repeat","background-position":"center center","background-size":"auto","background-attachment":"scroll","background-type":"","background-media":"","overlay-type":"","overlay-color":"","overlay-gradient":""},"mobile":{"background-color":"var(--ast-global-color-5)","background-image":"","background-repeat":"repeat","background-position":"center center","background-size":"auto","background-attachment":"scroll","background-type":"","background-media":"","overlay-type":"","overlay-color":"","overlay-gradient":""}},"footnotes":""},"class_list":["post-274","page","type-page","status-publish","hentry"],"_links":{"self":[{"href":"https:\/\/www.mindefensa.gob.ve\/index.php?rest_route=\/wp\/v2\/pages\/274","targetHints":{"allow":["GET"]}}],"collection":[{"href":"https:\/\/www.mindefensa.gob.ve\/index.php?rest_route=\/wp\/v2\/pages"}],"about":[{"href":"https:\/\/www.mindefensa.gob.ve\/index.php?rest_route=\/wp\/v2\/types\/page"}],"author":[{"embeddable":true,"href":"https:\/\/www.mindefensa.gob.ve\/index.php?rest_route=\/wp\/v2\/users\/4"}],"replies":[{"embeddable":true,"href":"https:\/\/www.mindefensa.gob.ve\/index.php?rest_route=%2Fwp%2Fv2%2Fcomments&post=274"}],"version-history":[{"count":1,"href":"https:\/\/www.mindefensa.gob.ve\/index.php?rest_route=\/wp\/v2\/pages\/274\/revisions"}],"predecessor-version":[{"id":278,"href":"https:\/\/www.mindefensa.gob.ve\/index.php?rest_route=\/wp\/v2\/pages\/274\/revisions\/278"}],"wp:attachment":[{"href":"https:\/\/www.mindefensa.gob.ve\/index.php?rest_route=%2Fwp%2Fv2%2Fmedia&parent=274"}],"curies":[{"name":"wp","href":"https:\/\/api.w.org\/{rel}","templated":true}]}}