{"id":246,"date":"2024-11-20T14:43:43","date_gmt":"2024-11-20T13:43:43","guid":{"rendered":"http:\/\/www.mindefensa.gob.ve\/?page_id=246"},"modified":"2024-11-20T21:52:08","modified_gmt":"2024-11-20T20:52:08","slug":"leyes-organicas","status":"publish","type":"page","link":"https:\/\/www.mindefensa.gob.ve\/?page_id=246","title":{"rendered":"Leyes Org\u00e1nicas"},"content":{"rendered":"\n<ul class=\"wp-block-list\">\n<li><a href=\"https:\/\/www.mindefensa.gob.ve\/wp-content\/uploads\/2024\/11\/CodigodeJusticiaMilitar.pdf\">C\u00f3digo Org\u00e1nico de Justicia Militar<\/a><\/li>\n\n\n\n<li><a href=\"https:\/\/www.mindefensa.gob.ve\/wp-content\/uploads\/2024\/11\/Ley-Organica-de-Fronteras-Enero-2016.pdf\">Ley Org\u00e1nica de Fronteras (Enero-2016)<\/a><\/li>\n\n\n\n<li><a href=\"https:\/\/www.mindefensa.gob.ve\/wp-content\/uploads\/2024\/11\/ley-constitucional-de-la-fuerza-armada-nacional-bolivariana-20211019170208.pdf\">Ley Constitucional de la Fuerza Armada Nacional Bolivariana.<\/a><\/li>\n\n\n\n<li><a href=\"https:\/\/www.mindefensa.gob.ve\/wp-content\/uploads\/2024\/11\/Ley-Organica-de-Procesos-Electorales-VIGENTE.pdf\">Ley Org\u00e1nica de Procesos Electorales (VIGENTE)<\/a><\/li>\n\n\n\n<li><a href=\"https:\/\/www.mindefensa.gob.ve\/wp-content\/uploads\/2024\/11\/LEY-ORGANICA-SOBRE-ESTADOS-DE-EXCEPCION.pdf\">Ley Org\u00e1nica Sobre Estados de Excepci\u00f3n<\/a><\/li>\n\n\n\n<li><a href=\"https:\/\/www.mindefensa.gob.ve\/wp-content\/uploads\/2024\/11\/Ley-Organica-de-Reforma-de-la-Ley-Organica-del-Tribunal-Supremo-de-Justicia.pdf\">Ley Org\u00e1nica de Reforma de la Ley Org\u00e1nica del Tribunal Supremo de Justicia. Gaceta Oficial N\u00b06.684 Extraordinario de fecha 19 de enero de 2022.<\/a><\/li>\n\n\n\n<li><a href=\"https:\/\/www.mindefensa.gob.ve\/wp-content\/uploads\/2024\/11\/libroleyorganicamujer.pdf\">Ley Org\u00e1nica sobre el Derecho de la Mujeres a una Vida Libre de Violencia. <\/a><\/li>\n\n\n\n<li><a href=\"https:\/\/www.mindefensa.gob.ve\/wp-content\/uploads\/2024\/11\/Ley-Organica-del-Trabajo-las-Trabajadoras-y-los-Trabajadores.pdf\">Ley Org\u00e1nica del Trabajo, las Trabajadoras y los Trabajadores. Gaceta Oficial Extraordinaria N\u00b0 6.076 del 07 de Mayo del 2012.<\/a><\/li>\n\n\n\n<li><a href=\"https:\/\/www.mindefensa.gob.ve\/wp-content\/uploads\/2024\/11\/22.-Ley-Organica-contra-la-Delincuencia-Organizada-y-Financiamiento-al-terrorismo-1.pdf\">Ley Org\u00e1nica contra la Delincuencia Organizada y Financiamiento al Terrorismo. Gaceta Oficial N\u00b0 39.912 del 30 de Abril de 2012.<\/a><\/li>\n\n\n\n<li><a href=\"https:\/\/www.mindefensa.gob.ve\/wp-content\/uploads\/2024\/11\/2-Ley-Org\u0430nica-de-la-Administraci\u0432n-Financiera-del-Sector-P\u0433blico.pdf\">Ley Org\u00e1nica de la Administraci\u00f3n Financiera del Sector P\u00fablico. Gaceta Oficial N\u00b0 39.893 del 30 de diciembre de 2015.<\/a><\/li>\n\n\n\n<li><a href=\"https:\/\/www.mindefensa.gob.ve\/wp-content\/uploads\/2024\/11\/Ley-Organica-del-Consejo-de-Estado.pdf\">Ley Org\u00e1nica del Consejo de Estado. Gaceta Oficial N\u00b0 39.865 del 15 de Febrero de 2012.<\/a><\/li>\n\n\n\n<li><a href=\"https:\/\/www.mindefensa.gob.ve\/wp-content\/uploads\/2024\/11\/Ley-Organica-contra-la-Discriminacion-Racial.pdf\">Ley Org\u00e1nica contra la Discriminaci\u00f3n Racial. Gaceta Oficial N\u00b0 39.823 del 19 de Diciembre de 2011.<\/a><\/li>\n\n\n\n<li><a href=\"https:\/\/www.mindefensa.gob.ve\/wp-content\/uploads\/2024\/11\/Ley-Organica-de-las-Dependencias-Federales.pdf\">Ley Org\u00e1nica de las Dependencias Federales. Gaceta Oficial N\u00b0 39.787 del 27 de Octubre de 2011.<\/a><\/li>\n\n\n\n<li><a href=\"https:\/\/www.mindefensa.gob.ve\/wp-content\/uploads\/2024\/11\/Ley-Organica-de-Telecomunicaciones-LOTEL.pdf\">Ley Org\u00e1nica de Telecomunicaciones. Gaceta Oficial N\u00b0 39.610 del 07 de Febrero de 2011.<\/a><\/li>\n\n\n\n<li><a href=\"https:\/\/www.mindefensa.gob.ve\/wp-content\/uploads\/2024\/11\/Ley-Organica-de-la-Contraloria-General-de-la-Republica-y-del-Sistema-Nacional-de-Control-Fiscal.pdf\">Ley Org\u00e1nica de la Contralor\u00eda General de la Rep\u00fablica y del Sistema Nacional de Control Fiscal. Gaceta Oficial Extraordinaria N\u00b0 6.013 del 23 de Diciembre de 2010.<\/a><\/li>\n\n\n\n<li><a href=\"https:\/\/www.mindefensa.gob.ve\/wp-content\/uploads\/2024\/11\/Ley-Organica-del-Sistema-y-Servicio-Electrico.pdf\">Ley Org\u00e1nica del Sistema y Servicio El\u00e9ctrico. Gaceta Oficial N\u00b0 39.573 del 14 de Diciembre de 2010.<\/a><\/li>\n\n\n\n<li><a href=\"https:\/\/www.mindefensa.gob.ve\/wp-content\/uploads\/2024\/11\/Ley-Organica-de-Planificacion-Publica-y-Popular.-Gaceta-Oficial-Extraordinaria-N\u00b0-6.011-del-21-de-Diciembre-de-2010.pdf\">Ley Org\u00e1nica de Planificaci\u00f3n P\u00fablica y Popular. Gaceta Oficial Extraordinaria N\u00b0 6.011 del 21 de Diciembre de 2010.<\/a><\/li>\n\n\n\n<li><a href=\"https:\/\/www.mindefensa.gob.ve\/wp-content\/uploads\/2024\/11\/Ley-Organica-de-Ciencia-Tecnologia-e-Innovacion.pdf\">Ley Org\u00e1nica de Ciencia, Tecnolog\u00eda e Innovaci\u00f3n. Gaceta Oficial N\u00b0 39.575 del 16 de Diciembre de 2010.<\/a><\/li>\n\n\n\n<li><a href=\"https:\/\/www.mindefensa.gob.ve\/wp-content\/uploads\/2024\/11\/Ley-Organica-de-Drogas.pdf\">Ley Org\u00e1nica de Drogas. Gaceta Oficial N\u00b0 39.546 del 05 de Noviembre de 2010.<\/a><\/li>\n\n\n\n<li>Ley Org\u00e1nica de la Jurisdicci\u00f3n Contencioso Administrativa. Gaceta Oficial N\u00b0 39.447 del 16 de Junio de 2010.<\/li>\n\n\n\n<li>Ley Org\u00e1nica para la Protecci\u00f3n de Ni\u00f1os, Ni\u00f1as y Adolescentes. Gaceta Oficial Extraordinaria N\u00b0 6.185 del 08 de Junio de 2015.<\/li>\n<\/ul>\n\n\n\n<p><\/p>\n","protected":false},"excerpt":{"rendered":"","protected":false},"author":4,"featured_media":0,"parent":0,"menu_order":0,"comment_status":"closed","ping_status":"closed","template":"","meta":{"site-sidebar-layout":"default","site-content-layout":"","ast-site-content-layout":"","site-content-style":"default","site-sidebar-style":"default","ast-global-header-display":"","ast-banner-title-visibility":"","ast-main-header-display":"","ast-hfb-above-header-display":"","ast-hfb-below-header-display":"","ast-hfb-mobile-header-display":"","site-post-title":"","ast-breadcrumbs-content":"","ast-featured-img":"","footer-sml-layout":"","theme-transparent-header-meta":"","adv-header-id-meta":"","stick-header-meta":"","header-above-stick-meta":"","header-main-stick-meta":"","header-below-stick-meta":"","astra-migrate-meta-layouts":"default","ast-page-background-enabled":"default","ast-page-background-meta":{"desktop":{"background-color":"var(--ast-global-color-4)","background-image":"","background-repeat":"repeat","background-position":"center center","background-size":"auto","background-attachment":"scroll","background-type":"","background-media":"","overlay-type":"","overlay-color":"","overlay-gradient":""},"tablet":{"background-color":"","background-image":"","background-repeat":"repeat","background-position":"center center","background-size":"auto","background-attachment":"scroll","background-type":"","background-media":"","overlay-type":"","overlay-color":"","overlay-gradient":""},"mobile":{"background-color":"","background-image":"","background-repeat":"repeat","background-position":"center center","background-size":"auto","background-attachment":"scroll","background-type":"","background-media":"","overlay-type":"","overlay-color":"","overlay-gradient":""}},"ast-content-background-meta":{"desktop":{"background-color":"var(--ast-global-color-5)","background-image":"","background-repeat":"repeat","background-position":"center center","background-size":"auto","background-attachment":"scroll","background-type":"","background-media":"","overlay-type":"","overlay-color":"","overlay-gradient":""},"tablet":{"background-color":"var(--ast-global-color-5)","background-image":"","background-repeat":"repeat","background-position":"center center","background-size":"auto","background-attachment":"scroll","background-type":"","background-media":"","overlay-type":"","overlay-color":"","overlay-gradient":""},"mobile":{"background-color":"var(--ast-global-color-5)","background-image":"","background-repeat":"repeat","background-position":"center center","background-size":"auto","background-attachment":"scroll","background-type":"","background-media":"","overlay-type":"","overlay-color":"","overlay-gradient":""}},"footnotes":""},"class_list":["post-246","page","type-page","status-publish","hentry"],"_links":{"self":[{"href":"https:\/\/www.mindefensa.gob.ve\/index.php?rest_route=\/wp\/v2\/pages\/246","targetHints":{"allow":["GET"]}}],"collection":[{"href":"https:\/\/www.mindefensa.gob.ve\/index.php?rest_route=\/wp\/v2\/pages"}],"about":[{"href":"https:\/\/www.mindefensa.gob.ve\/index.php?rest_route=\/wp\/v2\/types\/page"}],"author":[{"embeddable":true,"href":"https:\/\/www.mindefensa.gob.ve\/index.php?rest_route=\/wp\/v2\/users\/4"}],"replies":[{"embeddable":true,"href":"https:\/\/www.mindefensa.gob.ve\/index.php?rest_route=%2Fwp%2Fv2%2Fcomments&post=246"}],"version-history":[{"count":6,"href":"https:\/\/www.mindefensa.gob.ve\/index.php?rest_route=\/wp\/v2\/pages\/246\/revisions"}],"predecessor-version":[{"id":296,"href":"https:\/\/www.mindefensa.gob.ve\/index.php?rest_route=\/wp\/v2\/pages\/246\/revisions\/296"}],"wp:attachment":[{"href":"https:\/\/www.mindefensa.gob.ve\/index.php?rest_route=%2Fwp%2Fv2%2Fmedia&parent=246"}],"curies":[{"name":"wp","href":"https:\/\/api.w.org\/{rel}","templated":true}]}}